{"id":247,"date":"2020-03-01T18:45:33","date_gmt":"2020-03-01T17:45:33","guid":{"rendered":"http:\/\/www.crocegialla.it\/?page_id=247"},"modified":"2021-04-03T12:01:14","modified_gmt":"2021-04-03T10:01:14","slug":"chi-siamo","status":"publish","type":"page","link":"https:\/\/www.crocegialla.it\/?page_id=247","title":{"rendered":"CHI SIAMO"},"content":{"rendered":"\n<div class=\"wp-block-image\"><figure class=\"aligncenter size-large\"><img loading=\"lazy\" decoding=\"async\" width=\"959\" height=\"960\" src=\"http:\/\/www.crocegialla.it\/wp-content\/uploads\/2020\/02\/02.jpg\" alt=\"\" class=\"wp-image-115\" srcset=\"https:\/\/www.crocegialla.it\/wp-content\/uploads\/2020\/02\/02.jpg 959w, https:\/\/www.crocegialla.it\/wp-content\/uploads\/2020\/02\/02-300x300.jpg 300w, https:\/\/www.crocegialla.it\/wp-content\/uploads\/2020\/02\/02-150x150.jpg 150w, https:\/\/www.crocegialla.it\/wp-content\/uploads\/2020\/02\/02-768x769.jpg 768w, https:\/\/www.crocegialla.it\/wp-content\/uploads\/2020\/02\/02-270x270.jpg 270w, https:\/\/www.crocegialla.it\/wp-content\/uploads\/2020\/02\/02-480x480.jpg 480w, https:\/\/www.crocegialla.it\/wp-content\/uploads\/2020\/02\/02-100x100.jpg 100w\" sizes=\"auto, (max-width: 959px) 100vw, 959px\" \/><\/figure><\/div>\n\n\n\n<div class=\"wp-block-group\"><div class=\"wp-block-group__inner-container is-layout-flow wp-block-group-is-layout-flow\">\n<h2 class=\"has-yellow-color has-text-color has-text-align-center wp-block-heading\">COSA FACCIAMO<\/h2>\n<\/div><\/div>\n\n\n\n<p>L\u2019Associazione Croce Gialla di Falconara (Organizzazione di Volontaria), svolge trasporti sanitari compresi i servizi in emergenza in convenzione con ASU Marche.<br> Per i trasporti di emergenza l\u2019Associazione mette a disposizione dal 1994 il supporto medico sanitario con automedica, che permette di ridurre notevolmente i tempi di soccorso all\u2019infortunato.<br> Effettua trasporti da e per ospedali pubblici e privati, ambulatori, fisioterapia, dialisi, visite, trasporto organi, taxi sanitario e trasporti sociali.<br> Supporta eventi di interesse pubblico e sportivo con personale qualificato e addestrato.<\/p>\n\n\n\n<h4 class=\"has-text-align-center wp-block-heading\"><strong><a href=\"http:\/\/www.crocegialla.it\/downloads\/statuto.pdf\">Download dello statuto sociale<\/a><\/strong><\/h4>\n\n\n\n<p><\/p>\n\n\n\n<h2 class=\"has-yellow-color has-text-color has-text-align-center wp-block-heading\">LA NOSTRA STORIA<\/h2>\n\n\n\n<p>Il 15 dicembre 1983 il distaccamento della Croce Gialla di Ancona situato in Via F.lli Rosselli 2\/b a Falconara prende la forma autonoma dell\u2019Associazione di volontariato denominata \u201dCROCE GIALLA FALCONARA\u201d operativa dal 1\u00b0 gennaio 1984.<\/p>\n\n\n\n<div class=\"wp-block-image\"><figure class=\"aligncenter size-large\"><img loading=\"lazy\" decoding=\"async\" width=\"640\" height=\"481\" src=\"http:\/\/www.crocegialla.it\/wp-content\/uploads\/2021\/03\/immagine6.jpg\" alt=\"\" class=\"wp-image-344\" srcset=\"https:\/\/www.crocegialla.it\/wp-content\/uploads\/2021\/03\/immagine6.jpg 640w, https:\/\/www.crocegialla.it\/wp-content\/uploads\/2021\/03\/immagine6-300x225.jpg 300w\" sizes=\"auto, (max-width: 640px) 100vw, 640px\" \/><\/figure><\/div>\n\n\n\n<p>La presenza della Croce Gialla a Falconara Marittima risale al 1971.<br> Il servizio era garantito da un\u2019ambulanza donata dalla Cassa Rurale e Artigiana di Falconara al Comune di Falconara e donata alla Croce Gialla di Ancona con l\u2019impegno di effettuare trasporti sanitari a Falconara con l\u2019apporto di un piccolo nucleo di cittadini falconaresi.<\/p>\n\n\n\n<div class=\"wp-block-image\"><figure class=\"aligncenter size-large\"><img loading=\"lazy\" decoding=\"async\" width=\"644\" height=\"484\" src=\"http:\/\/www.crocegialla.it\/wp-content\/uploads\/2021\/03\/immagine3.jpg\" alt=\"\" class=\"wp-image-343\" srcset=\"https:\/\/www.crocegialla.it\/wp-content\/uploads\/2021\/03\/immagine3.jpg 644w, https:\/\/www.crocegialla.it\/wp-content\/uploads\/2021\/03\/immagine3-300x225.jpg 300w\" sizes=\"auto, (max-width: 644px) 100vw, 644px\" \/><\/figure><\/div>\n\n\n\n<p>Il servizio \u00e8 caratterizzato da una grande dedizione dei volontari e dalla sensibilit\u00e0 della popolazione. Le attrezzature a disposizione erano esigue. Si era ancora lontani dalla concezione secondo la quale le attrezzature e le professionalit\u00e0 si recano dal paziente critico, piuttosto che trasportare lo stesso in un ospedale dove curarlo.<\/p>\n\n\n\n<figure class=\"wp-block-image size-large\"><img loading=\"lazy\" decoding=\"async\" width=\"1024\" height=\"608\" src=\"http:\/\/www.crocegialla.it\/wp-content\/uploads\/2021\/03\/img005-1024x608.jpg\" alt=\"\" class=\"wp-image-337\" srcset=\"https:\/\/www.crocegialla.it\/wp-content\/uploads\/2021\/03\/img005-1024x608.jpg 1024w, https:\/\/www.crocegialla.it\/wp-content\/uploads\/2021\/03\/img005-300x178.jpg 300w, https:\/\/www.crocegialla.it\/wp-content\/uploads\/2021\/03\/img005-768x456.jpg 768w, https:\/\/www.crocegialla.it\/wp-content\/uploads\/2021\/03\/img005-1536x911.jpg 1536w, https:\/\/www.crocegialla.it\/wp-content\/uploads\/2021\/03\/img005.jpg 1709w\" sizes=\"auto, (max-width: 1024px) 100vw, 1024px\" \/><\/figure>\n\n\n\n<p>Nel 1976 la sede dell\u2019 Associazione ospita la Guardia Medica per il comune di Falconara M. Da quel periodo l\u2019 associazione diventa un punto di riferimento sanitario importante per la citt\u00e0.<\/p>\n\n\n\n<figure class=\"wp-block-image size-large\"><img loading=\"lazy\" decoding=\"async\" width=\"1024\" height=\"623\" src=\"http:\/\/www.crocegialla.it\/wp-content\/uploads\/2021\/03\/img009-1024x623.jpg\" alt=\"\" class=\"wp-image-341\" srcset=\"https:\/\/www.crocegialla.it\/wp-content\/uploads\/2021\/03\/img009-1024x623.jpg 1024w, https:\/\/www.crocegialla.it\/wp-content\/uploads\/2021\/03\/img009-300x182.jpg 300w, https:\/\/www.crocegialla.it\/wp-content\/uploads\/2021\/03\/img009-768x467.jpg 768w, https:\/\/www.crocegialla.it\/wp-content\/uploads\/2021\/03\/img009-1536x934.jpg 1536w, https:\/\/www.crocegialla.it\/wp-content\/uploads\/2021\/03\/img009.jpg 1746w\" sizes=\"auto, (max-width: 1024px) 100vw, 1024px\" \/><\/figure>\n\n\n\n<p>A seguito della riforma sanitaria (legge n. 833 del 1978) nascono le convenzioni delle Associazioni con il servizio sanitario nazionale attraverso le Unita Sanitarie Locali e quindi una maggiore autonomia economica della Croce Gialla.<br> Nel gennaio 1982 ci\u00f2 che d\u00e0 all\u2019associazione la spinta verso una completa riorganizzazione sia di volontari che di mezzi ed attrezzature \u00e8 la frana di Ancona. Ci fu in quella situazione una grande e meravigliosa disponibilit\u00e0 di tutti i volontari. Molti cittadini si iscrissero all\u2019associazione; si fecero tre corsi di pronto soccorso in sei mesi. Era effettivamente una vera emergenza. Il distaccamento di Falconara copriva il territorio di Torrette, Collemarino, Palombina Nuova oltre a Falconara, Castelferretti, Marina di Montemarciano e gli ospedali di Chiaravalle, Jesi e Senigallia erano i punti di riferimento in quanto L\u2019Ospedale Civile di Ancona era difficilmente raggiungibile se non attraverso Casine di Paterno o altre strade molto sconnesse. Il servizio era ora disponibile 24 ore al giorno, 7 giorni su 7.<br> Il 5 giugno del 1983 viene inaugurata la sede di via F.lli Rosselli. E\u2019 appunto in quell\u2019anno che si matura la scelta di costituire un\u2019associazione autonoma dalla Croce Gialla di Ancona.<\/p>\n\n\n\n<figure class=\"wp-block-image size-large\"><img loading=\"lazy\" decoding=\"async\" width=\"1024\" height=\"696\" src=\"http:\/\/www.crocegialla.it\/wp-content\/uploads\/2021\/03\/img004-1024x696.jpg\" alt=\"\" class=\"wp-image-336\" srcset=\"https:\/\/www.crocegialla.it\/wp-content\/uploads\/2021\/03\/img004-1024x696.jpg 1024w, https:\/\/www.crocegialla.it\/wp-content\/uploads\/2021\/03\/img004-300x204.jpg 300w, https:\/\/www.crocegialla.it\/wp-content\/uploads\/2021\/03\/img004-768x522.jpg 768w, https:\/\/www.crocegialla.it\/wp-content\/uploads\/2021\/03\/img004-1536x1044.jpg 1536w, https:\/\/www.crocegialla.it\/wp-content\/uploads\/2021\/03\/img004.jpg 1703w\" sizes=\"auto, (max-width: 1024px) 100vw, 1024px\" \/><\/figure>\n\n\n\n<p>Nel 1994, prendeva avvio un progetto in collaborazione con l\u2019universit\u00e0 di Ancona Scuola di anestesia e rianimazione affinch\u00e9 i medici della scuola di specializzazione fossero impiegati nella \u201cautomedica\u201d, servizio innovativo di soccorso avanzato nella emergenza sanitaria. Primi nelle Marche e fra i pochi in Italia. Il progetto trov\u00f2, paradossalmente, ostacoli da parte di chi contrariamente avrebbe dovuto incoraggiare quel genere di iniziative. Ancora una volta la Croce Gialla fece sentire la sua voce. Infatti, dopo qualche anno l\u2019idea dell\u2019automedica entr\u00f2 a far parte delle strutture sanitarie pubbliche in maniera permanente.<\/p>\n\n\n\n<figure class=\"wp-block-image size-large\"><img loading=\"lazy\" decoding=\"async\" width=\"1024\" height=\"691\" src=\"http:\/\/www.crocegialla.it\/wp-content\/uploads\/2021\/03\/img010-1024x691.jpg\" alt=\"\" class=\"wp-image-342\" srcset=\"https:\/\/www.crocegialla.it\/wp-content\/uploads\/2021\/03\/img010-1024x691.jpg 1024w, https:\/\/www.crocegialla.it\/wp-content\/uploads\/2021\/03\/img010-300x202.jpg 300w, https:\/\/www.crocegialla.it\/wp-content\/uploads\/2021\/03\/img010-768x518.jpg 768w, https:\/\/www.crocegialla.it\/wp-content\/uploads\/2021\/03\/img010-1536x1037.jpg 1536w, https:\/\/www.crocegialla.it\/wp-content\/uploads\/2021\/03\/img010.jpg 1716w\" sizes=\"auto, (max-width: 1024px) 100vw, 1024px\" \/><\/figure>\n\n\n\n<p>Tuttavia la sfida pi\u00f9 grande, ieri come oggi, \u00e8 quella di riuscire a trasmettere ai cittadini, a cominciare dai pi\u00f9 giovani, lo spirito giusto per affrontare una scelta di vita che caratterizza l\u2019intero impegno dei volontari. Gratuit\u00e0, sacrificio, condivisione e partecipazione attiva per migliorare insieme la societ\u00e0. Una esperienza di genuina solidariet\u00e0.<\/p>\n\n\n\n<figure class=\"wp-block-image size-large\"><img loading=\"lazy\" decoding=\"async\" width=\"1024\" height=\"696\" src=\"http:\/\/www.crocegialla.it\/wp-content\/uploads\/2021\/03\/img007-1024x696.jpg\" alt=\"\" class=\"wp-image-339\" srcset=\"https:\/\/www.crocegialla.it\/wp-content\/uploads\/2021\/03\/img007-1024x696.jpg 1024w, https:\/\/www.crocegialla.it\/wp-content\/uploads\/2021\/03\/img007-300x204.jpg 300w, https:\/\/www.crocegialla.it\/wp-content\/uploads\/2021\/03\/img007-768x522.jpg 768w, https:\/\/www.crocegialla.it\/wp-content\/uploads\/2021\/03\/img007-1536x1044.jpg 1536w, https:\/\/www.crocegialla.it\/wp-content\/uploads\/2021\/03\/img007.jpg 1703w\" sizes=\"auto, (max-width: 1024px) 100vw, 1024px\" \/><\/figure>\n","protected":false},"excerpt":{"rendered":"<p>COSA FACCIAMO L\u2019Associazione Croce Gialla di Falconara (Organizzazione di Volontaria), svolge trasporti sanitari compresi i servizi in emergenza in convenzione &hellip; <span class=\"more-button\"><a href=\"https:\/\/www.crocegialla.it\/?page_id=247\" class=\"more-link\">Continua a leggere<span class=\"screen-reader-text\">CHI SIAMO<\/span><\/a><\/span><\/p>\n","protected":false},"author":1,"featured_media":0,"parent":0,"menu_order":0,"comment_status":"closed","ping_status":"closed","template":"templates\/no-sidebar.php","meta":{"footnotes":""},"class_list":["post-247","page","type-page","status-publish","hentry"],"_links":{"self":[{"href":"https:\/\/www.crocegialla.it\/index.php?rest_route=\/wp\/v2\/pages\/247","targetHints":{"allow":["GET"]}}],"collection":[{"href":"https:\/\/www.crocegialla.it\/index.php?rest_route=\/wp\/v2\/pages"}],"about":[{"href":"https:\/\/www.crocegialla.it\/index.php?rest_route=\/wp\/v2\/types\/page"}],"author":[{"embeddable":true,"href":"https:\/\/www.crocegialla.it\/index.php?rest_route=\/wp\/v2\/users\/1"}],"replies":[{"embeddable":true,"href":"https:\/\/www.crocegialla.it\/index.php?rest_route=%2Fwp%2Fv2%2Fcomments&post=247"}],"version-history":[{"count":14,"href":"https:\/\/www.crocegialla.it\/index.php?rest_route=\/wp\/v2\/pages\/247\/revisions"}],"predecessor-version":[{"id":358,"href":"https:\/\/www.crocegialla.it\/index.php?rest_route=\/wp\/v2\/pages\/247\/revisions\/358"}],"wp:attachment":[{"href":"https:\/\/www.crocegialla.it\/index.php?rest_route=%2Fwp%2Fv2%2Fmedia&parent=247"}],"curies":[{"name":"wp","href":"https:\/\/api.w.org\/{rel}","templated":true}]}}